{"id":8,"date":"2024-10-19T16:49:23","date_gmt":"2024-10-19T14:49:23","guid":{"rendered":"http:\/\/www.vetterslevhomforsamlingshus.dk\/new\/?page_id=8"},"modified":"2025-08-20T16:33:57","modified_gmt":"2025-08-20T14:33:57","slug":"om","status":"publish","type":"page","link":"http:\/\/www.vetterslevhomforsamlingshus.dk\/new\/om\/","title":{"rendered":"Om"},"content":{"rendered":"\n<div class=\"wp-block-cover alignfull\" style=\"min-height:600px;aspect-ratio:unset;\"><span aria-hidden=\"true\" class=\"wp-block-cover__background has-nv-light-bg-background-color has-background-dim-100 has-background-dim\"><\/span><div class=\"wp-block-cover__inner-container is-layout-flow wp-block-cover-is-layout-flow\">\n<div class=\"wp-block-group\"><div class=\"wp-block-group__inner-container is-layout-flow wp-block-group-is-layout-flow\">\n<div style=\"height:80px\" aria-hidden=\"true\" class=\"wp-block-spacer\"><\/div>\n\n\n\n<div class=\"wp-block-columns are-vertically-aligned-center has-neve-text-color-color has-text-color is-layout-flex wp-container-core-columns-is-layout-9d6595d7 wp-block-columns-is-layout-flex\">\n<div class=\"wp-block-column is-vertically-aligned-center is-layout-flow wp-block-column-is-layout-flow\" style=\"padding-top:0;padding-right:var(--wp--preset--spacing--30);padding-bottom:0;padding-left:var(--wp--preset--spacing--30);flex-basis:50%\">\n<h2 class=\"wp-block-heading has-neve-text-color-color has-text-color\">Historie<\/h2>\n\n\n\n<p class=\"has-neve-text-color-color has-text-color\">Vetterslev-H\u00f8m Forsamlingshus \u201dEnigheden\u201d er opf\u00f8rt i 1896. Indtil 1988 blev forsamlingshuset drevet med v\u00e6rt. V\u00e6rten boede p\u00e5 1. sal, hvor der ogs\u00e5 er balkon ud mod den store sal i forsamlingshuset. I dag er forsamlingshuset et s\u00e5kaldt \u201dn\u00f8glehus\u201d, der forsat danner rammen om store og sm\u00e5 begivenheder fra vugge til grav, dilettant, foredrag og maddage. Oprindelig var indgangen til forsamlingshuset ud mod N\u00e6stvedvej, og der var en lille bro over den \u00e5bne gr\u00f8ft, der var p\u00e5 begge sider af N\u00e6stvedvejen. Billedet fra 1920-erne er taget ved den tidligere indgang til forsamlingshuset i forbindelse med en af de utallige fester, der har v\u00e6ret i forsamlingshuset.<\/p>\n\n\n\n<p class=\"has-neve-text-color-color has-text-color\"><br>Forsamlingshuset Enigheden, der er i privat eje, har en stor sal med plads til 100 personer og en lille sal med plads til 45 personer, med tilh\u00f8rende k\u00f8kkenfaciliteter. Der m\u00e5 dog maks. v\u00e6re 130 personer i huset. Forsamlingshuset er stort set lejet ud hver weekend og er lokalomr\u00e5dets samlingssted n\u00e5r der f.eks. holdes borgerm\u00f8der og det er stemmested ved valg. <\/p>\n\n\n\n<p class=\"has-neve-text-color-color has-text-color\">Vetterslev-H\u00f8m Borgerforening st\u00e5r bl.a. for afholdelse af en m\u00e5nedlig maddag i forsamlingshuset i vinterhalv\u00e5ret, fastelavn og mange andre ting. <\/p>\n\n\n\n<p class=\"has-neve-text-color-color has-text-color\">Op til kommunevalget arrangeres der v\u00e6lgerm\u00f8der med stor deltagelse. Ved det sidste kommunevalg var der over 100 til spisning og omkring 130 til v\u00e6lgerm\u00f8det, hvor alle partier der stillede op i kommunen var repr\u00e6senteret.<\/p>\n<\/div>\n\n\n\n<div class=\"wp-block-column is-layout-flow wp-block-column-is-layout-flow\" style=\"flex-basis:50%\">\n<figure class=\"wp-block-image size-large\"><img loading=\"lazy\" decoding=\"async\" width=\"1024\" height=\"576\" src=\"http:\/\/www.vetterslevhomforsamlingshus.dk\/new\/wp-content\/uploads\/2025\/08\/DJI_20250815192958_0021_D-kopier-2-1024x576.jpg\" alt=\"\" class=\"wp-image-108\" srcset=\"http:\/\/www.vetterslevhomforsamlingshus.dk\/new\/wp-content\/uploads\/2025\/08\/DJI_20250815192958_0021_D-kopier-2-1024x576.jpg 1024w, http:\/\/www.vetterslevhomforsamlingshus.dk\/new\/wp-content\/uploads\/2025\/08\/DJI_20250815192958_0021_D-kopier-2-300x169.jpg 300w, http:\/\/www.vetterslevhomforsamlingshus.dk\/new\/wp-content\/uploads\/2025\/08\/DJI_20250815192958_0021_D-kopier-2-768x432.jpg 768w, http:\/\/www.vetterslevhomforsamlingshus.dk\/new\/wp-content\/uploads\/2025\/08\/DJI_20250815192958_0021_D-kopier-2-1536x864.jpg 1536w, http:\/\/www.vetterslevhomforsamlingshus.dk\/new\/wp-content\/uploads\/2025\/08\/DJI_20250815192958_0021_D-kopier-2-2048x1152.jpg 2048w\" sizes=\"auto, (max-width: 1024px) 100vw, 1024px\" \/><\/figure>\n\n\n\n<figure class=\"wp-block-image size-full\"><img loading=\"lazy\" decoding=\"async\" width=\"640\" height=\"480\" src=\"http:\/\/www.vetterslevhomforsamlingshus.dk\/new\/wp-content\/uploads\/2025\/08\/fest1.jpg\" alt=\"\" class=\"wp-image-115\" srcset=\"http:\/\/www.vetterslevhomforsamlingshus.dk\/new\/wp-content\/uploads\/2025\/08\/fest1.jpg 640w, http:\/\/www.vetterslevhomforsamlingshus.dk\/new\/wp-content\/uploads\/2025\/08\/fest1-300x225.jpg 300w\" sizes=\"auto, (max-width: 640px) 100vw, 640px\" \/><\/figure>\n\n\n\n<figure class=\"wp-block-image size-full\"><img loading=\"lazy\" decoding=\"async\" width=\"640\" height=\"480\" src=\"http:\/\/www.vetterslevhomforsamlingshus.dk\/new\/wp-content\/uploads\/2025\/08\/rundeborde.jpg\" alt=\"\" class=\"wp-image-116\" srcset=\"http:\/\/www.vetterslevhomforsamlingshus.dk\/new\/wp-content\/uploads\/2025\/08\/rundeborde.jpg 640w, http:\/\/www.vetterslevhomforsamlingshus.dk\/new\/wp-content\/uploads\/2025\/08\/rundeborde-300x225.jpg 300w\" sizes=\"auto, (max-width: 640px) 100vw, 640px\" \/><\/figure>\n<\/div>\n<\/div>\n\n\n\n<div style=\"height:40px\" aria-hidden=\"true\" class=\"wp-block-spacer\"><\/div>\n<\/div><\/div>\n<\/div><\/div>\n","protected":false},"excerpt":{"rendered":"","protected":false},"author":1,"featured_media":0,"parent":0,"menu_order":0,"comment_status":"closed","ping_status":"closed","template":"","meta":{"neve_meta_sidebar":"","neve_meta_container":"","neve_meta_enable_content_width":"on","neve_meta_content_width":100,"neve_meta_title_alignment":"","neve_meta_author_avatar":"","neve_post_elements_order":"","neve_meta_disable_header":"","neve_meta_disable_footer":"","neve_meta_disable_title":"on","footnotes":""},"class_list":["post-8","page","type-page","status-publish","hentry"],"_links":{"self":[{"href":"http:\/\/www.vetterslevhomforsamlingshus.dk\/new\/wp-json\/wp\/v2\/pages\/8","targetHints":{"allow":["GET"]}}],"collection":[{"href":"http:\/\/www.vetterslevhomforsamlingshus.dk\/new\/wp-json\/wp\/v2\/pages"}],"about":[{"href":"http:\/\/www.vetterslevhomforsamlingshus.dk\/new\/wp-json\/wp\/v2\/types\/page"}],"author":[{"embeddable":true,"href":"http:\/\/www.vetterslevhomforsamlingshus.dk\/new\/wp-json\/wp\/v2\/users\/1"}],"replies":[{"embeddable":true,"href":"http:\/\/www.vetterslevhomforsamlingshus.dk\/new\/wp-json\/wp\/v2\/comments?post=8"}],"version-history":[{"count":10,"href":"http:\/\/www.vetterslevhomforsamlingshus.dk\/new\/wp-json\/wp\/v2\/pages\/8\/revisions"}],"predecessor-version":[{"id":117,"href":"http:\/\/www.vetterslevhomforsamlingshus.dk\/new\/wp-json\/wp\/v2\/pages\/8\/revisions\/117"}],"wp:attachment":[{"href":"http:\/\/www.vetterslevhomforsamlingshus.dk\/new\/wp-json\/wp\/v2\/media?parent=8"}],"curies":[{"name":"wp","href":"https:\/\/api.w.org\/{rel}","templated":true}]}}