{"id":11,"date":"2024-10-19T16:49:23","date_gmt":"2024-10-19T14:49:23","guid":{"rendered":"http:\/\/www.vetterslevhomforsamlingshus.dk\/new\/?page_id=11"},"modified":"2024-10-21T11:32:38","modified_gmt":"2024-10-21T09:32:38","slug":"projektdetaljer","status":"publish","type":"page","link":"http:\/\/www.vetterslevhomforsamlingshus.dk\/new\/projektdetaljer\/","title":{"rendered":"Praktisk information"},"content":{"rendered":"\n<p>Vetterslev H\u00f8m Forsamlingshus er et n\u00f8glehus. Det betyder, at der ikke er v\u00e6rt i huset eller personale ansat.<\/p>\n\n\n\n<p>Som lejer f\u00e5r man p\u00e5 udlejningsdagen tilsendt en kode til forsamlingshusets n\u00f8gleboks, hvorved man kan f\u00e5 adgang til huset.<br>Efter endt udlejning efterlades n\u00f8glen i n\u00f8gleboksen.<\/p>\n\n\n\n<p><\/p>\n\n\n\n<p><strong>Efter festen skal du\/I:<\/strong><\/p>\n\n\n\n<p>&nbsp;&nbsp;&nbsp;&nbsp;&nbsp;&nbsp;Sortere affald<\/p>\n\n\n\n<p>\u00b7\u00a0\u00a0\u00a0\u00a0\u00a0\u00a0\u00a0\u00a0\u00a0D\u00e5ser og flasker fjernes af lejer \u2013 og m\u00e5 ikke smides i affaldscontainer<br>    \u00a0\u00a0\u00a0\u00a0\u00a0 (ved efterladte d\u00e5ser og flasker i affaldsrum, tr\u00e6kkes der 500 kr. i depositum)<br>\u00b7\u00a0\u00a0\u00a0\u00a0\u00a0\u00a0\u00a0\u00a0\u00a0Feje alle gulve<br>\u00b7\u00a0\u00a0\u00a0\u00a0\u00a0\u00a0\u00a0\u00a0\u00a0Spildte v\u00e6sker t\u00f8rres op med en h\u00e5rdt opvredet klud uden s\u00e6be<br>\u00b7\u00a0\u00a0\u00a0\u00a0\u00a0\u00a0\u00a0\u00a0\u00a0Borde\/stole s\u00e6ttes som ved ankomst<br>\u00b7\u00a0\u00a0\u00a0\u00a0\u00a0\u00a0\u00a0\u00a0\u00a0Borde og stole skal af hensyn til gulv l\u00f8ftes (og ikke skubbes hen over gulvet)<br>\u00b7\u00a0\u00a0\u00a0\u00a0\u00a0\u00a0\u00a0\u00a0\u00a0Eventuelt \u00f8delagt porcel\u00e6n\/glas placeres p\u00e5 k\u00f8kkenbordet, s\u00e5 der kan afregnes (tr\u00e6kkes i depositum)<br>\u00b7\u00a0\u00a0\u00a0\u00a0\u00a0\u00a0\u00a0\u00a0\u00a0S\u00f8rge for alt er slukket, undtagen fryser og k\u00f8leskab i k\u00f8kken<\/p>\n\n\n\n<p>\u00b7\u00a0\u00a0\u00a0\u00a0\u00a0\u00a0\u00a0\u00a0\u00a0K\u00f8leskabe\/Fryser<br>          (K\u00f8leskabe i\u00a0<strong>baren<\/strong>\u00a0skal v\u00e6re\u00a0<strong>slukkede og st\u00e5 \u00e5bne<\/strong>,\u00a0s\u00e6t eventuelt noget i klemme, s\u00e5 de ikke lukker)<br>          (K\u00f8leskab og fryser i\u00a0<strong>k\u00f8kkenet<\/strong>\u00a0skal v\u00e6re\u00a0<strong>t\u00e6ndt og t\u00f8mt<\/strong>.)<\/p>\n\n\n\n<p>\u00b7\u00a0\u00a0\u00a0\u00a0\u00a0\u00a0\u00a0\u00a0\u00a0T\u00f8mme opvaskemaskine for vand og madrester<br>\u00b7\u00a0\u00a0\u00a0\u00a0\u00a0\u00a0\u00a0\u00a0\u00a0Alle d\u00f8re og vinduer er lukket og l\u00e5st<br>\u00b7\u00a0\u00a0\u00a0\u00a0\u00a0\u00a0\u00a0\u00a0\u00a0Feje udenfor hovedd\u00f8ren (hvis der fx ligger cigaret-skodder)<\/p>\n\n\n\n<p>Ved manglende oprydning\/reng\u00f8ring vil udgifter til dette blive fratrukket i depositum.<\/p>\n","protected":false},"excerpt":{"rendered":"<p>Vetterslev H\u00f8m Forsamlingshus er et n\u00f8glehus. Det betyder, at der ikke er v\u00e6rt i huset eller personale ansat. Som lejer f\u00e5r man p\u00e5 udlejningsdagen tilsendt en kode til forsamlingshusets n\u00f8gleboks, hvorved man kan f\u00e5 adgang til huset.Efter endt udlejning efterlades n\u00f8glen i n\u00f8gleboksen. Efter festen skal du\/I: &nbsp;&nbsp;&nbsp;&nbsp;&nbsp;&nbsp;Sortere affald \u00b7\u00a0\u00a0\u00a0\u00a0\u00a0\u00a0\u00a0\u00a0\u00a0D\u00e5ser og flasker fjernes af lejer&hellip;&nbsp;<a href=\"http:\/\/www.vetterslevhomforsamlingshus.dk\/new\/projektdetaljer\/\" rel=\"bookmark\">L\u00e6s mere &raquo;<span class=\"screen-reader-text\">Praktisk information<\/span><\/a><\/p>\n","protected":false},"author":1,"featured_media":0,"parent":0,"menu_order":0,"comment_status":"closed","ping_status":"closed","template":"","meta":{"neve_meta_sidebar":"","neve_meta_container":"","neve_meta_enable_content_width":"on","neve_meta_content_width":100,"neve_meta_title_alignment":"","neve_meta_author_avatar":"","neve_post_elements_order":"","neve_meta_disable_header":"","neve_meta_disable_footer":"","neve_meta_disable_title":"on","footnotes":""},"class_list":["post-11","page","type-page","status-publish","hentry"],"_links":{"self":[{"href":"http:\/\/www.vetterslevhomforsamlingshus.dk\/new\/wp-json\/wp\/v2\/pages\/11","targetHints":{"allow":["GET"]}}],"collection":[{"href":"http:\/\/www.vetterslevhomforsamlingshus.dk\/new\/wp-json\/wp\/v2\/pages"}],"about":[{"href":"http:\/\/www.vetterslevhomforsamlingshus.dk\/new\/wp-json\/wp\/v2\/types\/page"}],"author":[{"embeddable":true,"href":"http:\/\/www.vetterslevhomforsamlingshus.dk\/new\/wp-json\/wp\/v2\/users\/1"}],"replies":[{"embeddable":true,"href":"http:\/\/www.vetterslevhomforsamlingshus.dk\/new\/wp-json\/wp\/v2\/comments?post=11"}],"version-history":[{"count":2,"href":"http:\/\/www.vetterslevhomforsamlingshus.dk\/new\/wp-json\/wp\/v2\/pages\/11\/revisions"}],"predecessor-version":[{"id":54,"href":"http:\/\/www.vetterslevhomforsamlingshus.dk\/new\/wp-json\/wp\/v2\/pages\/11\/revisions\/54"}],"wp:attachment":[{"href":"http:\/\/www.vetterslevhomforsamlingshus.dk\/new\/wp-json\/wp\/v2\/media?parent=11"}],"curies":[{"name":"wp","href":"https:\/\/api.w.org\/{rel}","templated":true}]}}