{"id":10,"date":"2024-10-19T16:49:23","date_gmt":"2024-10-19T14:49:23","guid":{"rendered":"http:\/\/www.vetterslevhomforsamlingshus.dk\/new\/?page_id=10"},"modified":"2026-01-07T13:50:26","modified_gmt":"2026-01-07T12:50:26","slug":"portefoelje","status":"publish","type":"page","link":"http:\/\/www.vetterslevhomforsamlingshus.dk\/new\/portefoelje\/","title":{"rendered":"Priser"},"content":{"rendered":"\n<figure class=\"wp-block-table alignleft\"><table class=\"has-fixed-layout\" style=\"border-width:1px\"><tbody><tr><td><strong>Arrangement<\/strong><\/td><td><strong>Periode<\/strong><\/td><td><strong>Lejeperiode<\/strong><\/td><td><strong>Pris 2026<\/strong><\/td><td><strong>Pris 2027<\/strong><\/td><\/tr><tr><td>Fest<\/td><td>Weekend<\/td><td>Start:&nbsp;&nbsp;&nbsp; Fredag, kl. 13.00<br>Slut:&nbsp;&nbsp;&nbsp;&nbsp;&nbsp; S\u00f8ndag, kl. 13.00<\/td><td>4.400 kr.<\/td><td>4.600 kr.<\/td><\/tr><tr><td>Fest<\/td><td>To dage<\/td><td>Start:&nbsp;&nbsp;&nbsp; Kl. 13.00 (fredag)<br>Slut:&nbsp;&nbsp;&nbsp;&nbsp;&nbsp; Kl. 05.00 (s\u00f8ndag)<br>&nbsp;ELLER<br>&nbsp;Start:&nbsp;&nbsp;&nbsp; Kl. 07.00 (dag 1*)<br>Slut:&nbsp;&nbsp;&nbsp;&nbsp;&nbsp; Kl. 13.00 (dag 2*)<br><em>*Her bestemmer lejer selv om dag 1 skal<\/em><br><em>v\u00e6re fredag eller l\u00f8rdag<\/em><\/td><td>3.900 kr.<\/td><td>4.100 kr.<\/td><\/tr><tr><td>Fest<\/td><td>Enkelt dag<\/td><td>Start:&nbsp;&nbsp;&nbsp; Kl. 07.00 (dag 1)<br>Slut:&nbsp;&nbsp;&nbsp;&nbsp;&nbsp; Kl. 05.00 (dag 2)<\/td><td>3.400 kr.<\/td><td>3.600 kr.<\/td><\/tr><tr><td>M\u00f8de<\/td><td>Dag\/aften<br>Op til 6 timer, hverdage (mandag-torsdag)<\/td><td>Start:&nbsp;&nbsp;&nbsp; Aftales ved booking<br>Slut:&nbsp;&nbsp;&nbsp;&nbsp;&nbsp; Aftales ved booking<\/td><td>2.400 kr.<\/td><td>2.600 kr.<\/td><\/tr><\/tbody><\/table><figcaption class=\"wp-element-caption\"><br>Alle angivne priser p\u00e5 denne side er inkl. moms.<br><em><strong>Kontingent<\/strong><\/em><br>For at leje forsamlingshuset skal man betale kontingent som anvendes til vedligeholdelse af huset. Skal man f\u00f8rst leje forsamlingshuset n\u00e6ste \u00e5r, skal man betale kontingent for b\u00e5de i \u00e5r og n\u00e6ste \u00e5r.<br>Kontingent indbetales ved booking. Kontingent udg\u00f8r p.t. 150 kr. pr. \u00e5r.<br>&nbsp;<strong><em>Depositum<\/em><\/strong><br>Der skal betales depositum ved reservation og reservationen er herved bindende. Aflyses lejen af huset f\u00e5r man&nbsp;ikke depositum retur. &nbsp;Depositum refunderes indenfor 30 dage efter endt udlejning. I tilf\u00e6lde af \u00f8delagt service eller materiel i huset, manglende oprydning, st\u00f8rre pletter p\u00e5 gulve, fratr\u00e6kkes udgifter i depositum. Overstiger udgifterne depositum, kan der blive faktureret ekstra.<br>Depositum udg\u00f8r p.t. 1.000 kr.<br><br>Indeholdt i leje er vask af gulve og reng\u00f8ring af toiletter.<br>Faktura for leje fremsendes 1-2 m\u00e5neder f\u00f8r lejedato.<br>&nbsp;<br>Der tages forbehold for trykfejl og pris\u00e6ndringer.<\/figcaption><\/figure>\n\n\n\n<div class=\"wp-block-cover alignfull\" style=\"min-height:300px;aspect-ratio:unset;\"><span aria-hidden=\"true\" class=\"wp-block-cover__background has-neve-link-color-background-color has-background-dim-100 has-background-dim\"><\/span><div class=\"wp-block-cover__inner-container is-layout-flow wp-block-cover-is-layout-flow\">\n<div style=\"height:140px\" aria-hidden=\"true\" class=\"wp-block-spacer\"><\/div>\n\n\n\n<div style=\"height:140px\" aria-hidden=\"true\" class=\"wp-block-spacer\"><\/div>\n<\/div><\/div>\n","protected":false},"excerpt":{"rendered":"<p>Arrangement Periode Lejeperiode Pris 2026 Pris 2027 Fest Weekend Start:&nbsp;&nbsp;&nbsp; Fredag, kl. 13.00Slut:&nbsp;&nbsp;&nbsp;&nbsp;&nbsp; S\u00f8ndag, kl. 13.00 4.400 kr. 4.600 kr. Fest To dage Start:&nbsp;&nbsp;&nbsp; Kl. 13.00 (fredag)Slut:&nbsp;&nbsp;&nbsp;&nbsp;&nbsp; Kl. 05.00 (s\u00f8ndag)&nbsp;ELLER&nbsp;Start:&nbsp;&nbsp;&nbsp; Kl. 07.00 (dag 1*)Slut:&nbsp;&nbsp;&nbsp;&nbsp;&nbsp; Kl. 13.00 (dag 2*)*Her bestemmer lejer selv om dag 1 skalv\u00e6re fredag eller l\u00f8rdag 3.900 kr. 4.100 kr. Fest Enkelt dag&hellip;&nbsp;<a href=\"http:\/\/www.vetterslevhomforsamlingshus.dk\/new\/portefoelje\/\" rel=\"bookmark\">L\u00e6s mere &raquo;<span class=\"screen-reader-text\">Priser<\/span><\/a><\/p>\n","protected":false},"author":1,"featured_media":0,"parent":0,"menu_order":0,"comment_status":"closed","ping_status":"closed","template":"page-templates\/template-pagebuilder-full-width.php","meta":{"neve_meta_sidebar":"","neve_meta_container":"","neve_meta_enable_content_width":"on","neve_meta_content_width":100,"neve_meta_title_alignment":"","neve_meta_author_avatar":"","neve_post_elements_order":"","neve_meta_disable_header":"","neve_meta_disable_footer":"","neve_meta_disable_title":"on","footnotes":""},"class_list":["post-10","page","type-page","status-publish","hentry"],"_links":{"self":[{"href":"http:\/\/www.vetterslevhomforsamlingshus.dk\/new\/wp-json\/wp\/v2\/pages\/10","targetHints":{"allow":["GET"]}}],"collection":[{"href":"http:\/\/www.vetterslevhomforsamlingshus.dk\/new\/wp-json\/wp\/v2\/pages"}],"about":[{"href":"http:\/\/www.vetterslevhomforsamlingshus.dk\/new\/wp-json\/wp\/v2\/types\/page"}],"author":[{"embeddable":true,"href":"http:\/\/www.vetterslevhomforsamlingshus.dk\/new\/wp-json\/wp\/v2\/users\/1"}],"replies":[{"embeddable":true,"href":"http:\/\/www.vetterslevhomforsamlingshus.dk\/new\/wp-json\/wp\/v2\/comments?post=10"}],"version-history":[{"count":5,"href":"http:\/\/www.vetterslevhomforsamlingshus.dk\/new\/wp-json\/wp\/v2\/pages\/10\/revisions"}],"predecessor-version":[{"id":126,"href":"http:\/\/www.vetterslevhomforsamlingshus.dk\/new\/wp-json\/wp\/v2\/pages\/10\/revisions\/126"}],"wp:attachment":[{"href":"http:\/\/www.vetterslevhomforsamlingshus.dk\/new\/wp-json\/wp\/v2\/media?parent=10"}],"curies":[{"name":"wp","href":"https:\/\/api.w.org\/{rel}","templated":true}]}}